{"id":2359,"date":"2015-03-13T11:22:09","date_gmt":"2015-03-13T11:22:09","guid":{"rendered":"http:\/\/demo-content.kaliumtheme.com\/agency\/?page_id=2359"},"modified":"2018-03-27T13:53:12","modified_gmt":"2018-03-27T13:53:12","slug":"services-2","status":"publish","type":"page","link":"http:\/\/meanwhile.hu\/?page_id=2359","title":{"rendered":"Services"},"content":{"rendered":"<p>[vc_row][vc_column reveal_effect=&#8221;fadeIn&#8221; reveal_duration=&#8221;0.7&#8243;][lab_heading title=&#8221;Szolg\u00e1ltat\u00e1saink&#8221;]<br \/>\nA Meanwhile Studio egyszerre m\u0171k\u00f6dik egy folyton k\u00eds\u00e9rletez\u0151 kreat\u00edv technol\u00f3giai m\u0171helyk\u00e9nt \u00e9s piaci szolg\u00e1ltat\u00f3k\u00e9nt is. Legyen sz\u00f3 rekl\u00e1mkamp\u00e1nyr\u00f3l, event designr\u00f3l vagy b\u00e1rmir\u0151l ahova k\u00fcl\u00f6nleges f\u00e9nyek vagy interakt\u00edv install\u00e1ci\u00f3k kellenek, mi t\u00f6bb \u00e9vnyi tapasztalattal \u00e9s egy b\u00e1rmit legy\u00e1rtani k\u00e9pes m\u0171hellyel v\u00e1rjuk, hogy meg\u00e9p\u00edthess\u00fck a lehetetlennek t\u0171n\u0151t. .[\/lab_heading][\/vc_column][\/vc_row][vc_row css=&#8221;.vc_custom_1426246378123{margin-bottom: 0px !important;}&#8221;][vc_column width=&#8221;1\/2&#8243; reveal_effect=&#8221;fadeIn&#8221; reveal_duration=&#8221;1&#8243; css=&#8221;.vc_custom_1427234139084{margin-right: 0px !important;padding-right: 0px !important;}&#8221;][vc_single_image image=&#8221;3463&#8243; img_size=&#8221;full&#8221;][vc_single_image image=&#8221;3655&#8243; img_size=&#8221;large&#8221;][\/vc_column][vc_column width=&#8221;1\/2&#8243; reveal_effect=&#8221;fadeIn&#8221; reveal_duration=&#8221;1&#8243;][lab_service_box css=&#8221;.vc_custom_1427234469550{padding-top: 45px !important;padding-right: 45px !important;padding-bottom: 45px !important;padding-left: 45px !important;}&#8221;][vc_icon icon_linea=&#8221;icon-basic-lightbulb&#8221; size=&#8221;lg&#8221;][lab_service_box_content title=&#8221;Interakt\u00edv \u00e9s f\u00e9ny install\u00e1ci\u00f3k &#8221; description=&#8221;Legyen sz\u00f3 ak\u00e1r k\u00e9pz\u0151m\u0171v\u00e9szeti, ak\u00e1r zenei fesztiv\u00e1lr\u00f3l vagy b\u00e1rmilyen m\u00e1rkastrat\u00e9gi\u00e1t t\u00e1mogat\u00f3 rendezv\u00e9nyr\u0151l, nincs ann\u00e1l jobb m\u00f3dja az emberek megragad\u00e1s\u00e1nak, mint a tekintet leny\u0171g\u00f6z\u00e9se. Mi ebben vagyunk nagyon j\u00f3k! Illetve abban, hogy ezek a tartalmak reag\u00e1ljanak is a szeml\u00e9l\u0151d\u0151k reakci\u00f3ira. &#8220;][\/lab_service_box][\/vc_column][\/vc_row][vc_row css=&#8221;.vc_custom_1426246383421{margin-bottom: 0px !important;}&#8221;][vc_column width=&#8221;1\/2&#8243; reveal_effect=&#8221;fadeIn&#8221; reveal_duration=&#8221;1&#8243;][lab_service_box css=&#8221;.vc_custom_1427234476895{padding-top: 45px !important;padding-right: 45px !important;padding-bottom: 45px !important;padding-left: 45px !important;}&#8221;][vc_icon icon_linea=&#8221;icon-basic-pencil-ruler&#8221; size=&#8221;lg&#8221;][lab_service_box_content title=&#8221;Egyedi technol\u00f3giai megold\u00e1sok tervez\u00e9se \u00e9s megval\u00f3s\u00edt\u00e1sa&#8221; description=&#8221;A tev\u00e9kenys\u00e9gi k\u00f6r\u00fcnk meghat\u00e1rozo\u00e1s\u00e1ra a kreat\u00edv technologista kifejez\u00e9st szokta haszn\u00e1lni a szaknyelv. Ez magyarul annyit tesz, hogy a lehetelennek t\u0171n\u0151 \u00f6tletekr\u0151l mi megmondjuk hogy hogyan \u00e9s mennyib\u0151l lehet megval\u00f3s\u00edtani. Legyen sz\u00f3 fizikai vagy digit\u00e1lis megold\u00e1sr\u00f3l, , eddig m\u00e9g nem tal\u00e1lkoztunk megoldhatatlan feladattal. B\u00e1tran keress minket az okosp\u00f3r\u00e1zt\u00f3l a hologramig b\u00e1rmivel!&#8221;][\/lab_service_box][\/vc_column][vc_column width=&#8221;1\/2&#8243; css=&#8221;.vc_custom_1426247174860{margin-left: -15px !important;padding-left: 0px !important;}&#8221; reveal_effect=&#8221;fadeIn&#8221; reveal_duration=&#8221;1&#8243;][vc_single_image image=&#8221;3463&#8243; img_size=&#8221;full&#8221;][vc_single_image image=&#8221;3637&#8243; img_size=&#8221;large&#8221;][\/vc_column][\/vc_row][vc_row css=&#8221;.vc_custom_1426246390316{margin-bottom: 0px !important;}&#8221;][vc_column width=&#8221;1\/2&#8243; reveal_effect=&#8221;fadeIn&#8221; reveal_duration=&#8221;1&#8243;][vc_single_image image=&#8221;3463&#8243; img_size=&#8221;full&#8221;][vc_single_image image=&#8221;3656&#8243; img_size=&#8221;large&#8221;][\/vc_column][vc_column width=&#8221;1\/2&#8243; reveal_effect=&#8221;fadeIn&#8221; reveal_duration=&#8221;1&#8243;][lab_service_box css=&#8221;.vc_custom_1427234491823{padding-top: 45px !important;padding-right: 45px !important;padding-bottom: 45px !important;padding-left: 45px !important;}&#8221;][vc_icon icon_linea=&#8221;icon-basic-todolist-pen&#8221; size=&#8221;lg&#8221;][lab_service_box_content title=&#8221;Szaktan\u00e1csad\u00e1s \u00e9s Oktat\u00e1s&#8221; description=&#8221;Az \u00e9vek sor\u00e1n megszerzett tapasztalatainkat nem szeretn\u00e9nk megtartani saj\u00e1t magunknak. Ak\u00e1r felk\u00e9r\u00e9sre, ak\u00e1r saj\u00e1t szervez\u00e9sben gyakran tartunk kuzusokat, ahol bemutatjuk a f\u00e9nym\u0171v\u00e9szet \u00e9s az interakci\u00f3tervez\u00e9s legizgalmasabb, legl\u00e1tv\u00e1nyosabb technol\u00f3gi\u00e1it. Egy d\u00e9lut\u00e1ni workshopt\u00f3l kezdve a projekt h\u00e9tig, eg\u00e9sz sz\u00e9les sk\u00e1l\u00e1n val\u00f3s\u00edtottunk meg oktat\u00e1si tev\u00e9kenys\u00e9get.<br \/>\n&nbsp;<br \/>\nTerm\u00e9szetesen van m\u00f3d egy\u00e9ni konzult\u00e1ci\u00f3ra is: legyen sz\u00f3 kamp\u00e1ny\u00f6tletr\u0151l vagy egyedi projektr\u0151l, seg\u00edt\u00fcnk megtal\u00e1lni a lehet\u0151 legoptim\u00e1lisabb megval\u00f3sul\u00e1st!<br \/>\n&#8220;][\/lab_service_box][\/vc_column][\/vc_row]<\/p>\n","protected":false},"excerpt":{"rendered":"<p>[vc_row][vc_column reveal_effect=&#8221;fadeIn&#8221; reveal_duration=&#8221;0.7&#8243;][lab_heading title=&#8221;Szolg\u00e1ltat\u00e1saink&#8221;] A Meanwhile Studio egyszerre m\u0171k\u00f6dik egy folyton k\u00eds\u00e9rletez\u0151 kreat\u00edv technol\u00f3giai m\u0171helyk\u00e9nt \u00e9s piaci szolg\u00e1ltat\u00f3k\u00e9nt is. Legyen sz\u00f3 rekl\u00e1mkamp\u00e1nyr\u00f3l, event designr\u00f3l vagy b\u00e1rmir\u0151l ahova k\u00fcl\u00f6nleges f\u00e9nyek vagy interakt\u00edv install\u00e1ci\u00f3k kellenek, mi t\u00f6bb \u00e9vnyi tapasztalattal \u00e9s egy b\u00e1rmit legy\u00e1rtani k\u00e9pes m\u0171hellyel v\u00e1rjuk, hogy meg\u00e9p\u00edthess\u00fck a lehetetlennek t\u0171n\u0151t. .[\/lab_heading][\/vc_column][\/vc_row][vc_row css=&#8221;.vc_custom_1426246378123{margin-bottom: 0px !important;}&#8221;][vc_column width=&#8221;1\/2&#8243; reveal_effect=&#8221;fadeIn&#8221;&hellip;<\/p>\n","protected":false},"author":1,"featured_media":0,"parent":0,"menu_order":0,"comment_status":"open","ping_status":"closed","template":"","meta":[],"acf":[],"_links":{"self":[{"href":"http:\/\/meanwhile.hu\/index.php?rest_route=\/wp\/v2\/pages\/2359"}],"collection":[{"href":"http:\/\/meanwhile.hu\/index.php?rest_route=\/wp\/v2\/pages"}],"about":[{"href":"http:\/\/meanwhile.hu\/index.php?rest_route=\/wp\/v2\/types\/page"}],"author":[{"embeddable":true,"href":"http:\/\/meanwhile.hu\/index.php?rest_route=\/wp\/v2\/users\/1"}],"replies":[{"embeddable":true,"href":"http:\/\/meanwhile.hu\/index.php?rest_route=%2Fwp%2Fv2%2Fcomments&post=2359"}],"version-history":[{"count":6,"href":"http:\/\/meanwhile.hu\/index.php?rest_route=\/wp\/v2\/pages\/2359\/revisions"}],"predecessor-version":[{"id":3849,"href":"http:\/\/meanwhile.hu\/index.php?rest_route=\/wp\/v2\/pages\/2359\/revisions\/3849"}],"wp:attachment":[{"href":"http:\/\/meanwhile.hu\/index.php?rest_route=%2Fwp%2Fv2%2Fmedia&parent=2359"}],"curies":[{"name":"wp","href":"https:\/\/api.w.org\/{rel}","templated":true}]}}